{"id":47,"date":"2022-05-12T14:58:36","date_gmt":"2022-05-12T14:58:36","guid":{"rendered":"https:\/\/regencyexperiences.com\/?page_id=47"},"modified":"2025-01-11T15:47:01","modified_gmt":"2025-01-11T15:47:01","slug":"kladuthyrning","status":"publish","type":"page","link":"https:\/\/regencyexperiences.com\/?page_id=47","title":{"rendered":"Kl\u00e4duthyrning"},"content":{"rendered":"\n<p>V\u00e4lj en kl\u00e4nning nedan som passar dig i storlek och kontakta oss p\u00e5 <a href=\"mailto:info@regencyexperiences.com\">info@regencyexperiences.com<\/a> f\u00f6r att hyra!<\/p>\n\n\n\n<p>Komplett empirdr\u00e4kt (kl\u00e4nning, short stays och chemise): 650 kr inkl moms.<\/p>\n\n\n\n<p>Endast empirkl\u00e4nning: 500 kr inkl moms.<\/p>\n\n\n\n<hr class=\"wp-block-separator has-css-opacity\"\/>\n\n\n\n<h2 class=\"wp-block-heading\">M\u00e4tguide<\/h2>\n\n\n\n<p>A: Bystvidd (omkretsen d\u00e4r bysten \u00e4r som bredast)<\/p>\n\n\n\n<p>B: Omkretsen precis under bysten<\/p>\n\n\n\n<p><img loading=\"lazy\" decoding=\"async\" width=\"371\" height=\"369\" src=\"https:\/\/lh6.googleusercontent.com\/RRbMXa873apR_kvK84gAItvApADovbPbXzKlX6_e_8mcpmPxhvDQmK-XI41D1tbxsnEzF1pbcPyv5pQ9E-T8MsojWLf_fTlqwAqODzV8CnDAEtkH98RFd-hzwgTwQ4Eums0U_7ZWfXUDXBomUL7E5UM\"><\/p>\n\n\n\n<p>Kjoll\u00e4ngden avser l\u00e4ngden mellan m\u00e5tt B (under bysten) och f\u00e5llen. <\/p>\n\n\n\n<hr class=\"wp-block-separator has-alpha-channel-opacity\"\/>\n\n\n\n<h1 class=\"wp-block-heading\">Empirkl\u00e4nningar: <\/h1>\n\n\n\n<p>Klicka p\u00e5 din storlek f\u00f6r att se vilka kl\u00e4nningar som finns tillg\u00e4ngliga. <\/p>\n\n\n\n<ul class=\"wp-block-list\">\n<li><a href=\"https:\/\/regencyexperiences.com\/?page_id=128\" data-type=\"page\" data-id=\"128\" target=\"_blank\" rel=\"noreferrer noopener\">Small <\/a>(Bystvidd ca 80-89 cm)<\/li>\n\n\n\n<li><a href=\"https:\/\/regencyexperiences.com\/?page_id=131\" data-type=\"page\" data-id=\"131\" target=\"_blank\" rel=\"noreferrer noopener\">Medium <\/a>(Bystvidd ca 88-96 cm)<\/li>\n\n\n\n<li><a href=\"https:\/\/regencyexperiences.com\/?page_id=134\" data-type=\"page\" data-id=\"134\" target=\"_blank\" rel=\"noreferrer noopener\">Large <\/a>(Bystvidd ca 96-104 cm)<\/li>\n\n\n\n<li><a href=\"https:\/\/regencyexperiences.com\/?page_id=136\" data-type=\"page\" data-id=\"136\" target=\"_blank\" rel=\"noreferrer noopener\">X-Large<\/a> (Bystvidd ca 104-112 cm)<\/li>\n\n\n\n<li><a href=\"https:\/\/regencyexperiences.com\/?page_id=137\" data-type=\"page\" data-id=\"137\" target=\"_blank\" rel=\"noreferrer noopener\">XX-Large<\/a> (Bystvidd ca 112-125 cm)<\/li>\n<\/ul>\n\n\n\n<hr class=\"wp-block-separator has-css-opacity\"\/>\n\n\n\n<h1 class=\"wp-block-heading\">Underkl\u00e4der<\/h1>\n\n\n\n<p>Se samtliga storlekar <a href=\"https:\/\/regencyexperiences.com\/?page_id=141\" data-type=\"page\" data-id=\"141\" target=\"_blank\" rel=\"noreferrer noopener\">h\u00e4r<\/a>.<\/p>\n","protected":false},"excerpt":{"rendered":"<p>V\u00e4lj en kl\u00e4nning nedan som passar dig i storlek och kontakta oss p\u00e5 info@regencyexperiences.com f\u00f6r att hyra! Komplett empirdr\u00e4kt (kl\u00e4nning, short stays och chemise): 650<\/p>\n","protected":false},"author":1,"featured_media":0,"parent":0,"menu_order":0,"comment_status":"closed","ping_status":"closed","template":"","meta":{"footnotes":""},"class_list":["post-47","page","type-page","status-publish","hentry"],"_links":{"self":[{"href":"https:\/\/regencyexperiences.com\/index.php?rest_route=\/wp\/v2\/pages\/47","targetHints":{"allow":["GET"]}}],"collection":[{"href":"https:\/\/regencyexperiences.com\/index.php?rest_route=\/wp\/v2\/pages"}],"about":[{"href":"https:\/\/regencyexperiences.com\/index.php?rest_route=\/wp\/v2\/types\/page"}],"author":[{"embeddable":true,"href":"https:\/\/regencyexperiences.com\/index.php?rest_route=\/wp\/v2\/users\/1"}],"replies":[{"embeddable":true,"href":"https:\/\/regencyexperiences.com\/index.php?rest_route=%2Fwp%2Fv2%2Fcomments&post=47"}],"version-history":[{"count":21,"href":"https:\/\/regencyexperiences.com\/index.php?rest_route=\/wp\/v2\/pages\/47\/revisions"}],"predecessor-version":[{"id":553,"href":"https:\/\/regencyexperiences.com\/index.php?rest_route=\/wp\/v2\/pages\/47\/revisions\/553"}],"wp:attachment":[{"href":"https:\/\/regencyexperiences.com\/index.php?rest_route=%2Fwp%2Fv2%2Fmedia&parent=47"}],"curies":[{"name":"wp","href":"https:\/\/api.w.org\/{rel}","templated":true}]}}