{"id":220,"date":"2024-05-08T15:20:40","date_gmt":"2024-05-08T15:20:40","guid":{"rendered":"https:\/\/regencyexperiences.com\/?page_id=220"},"modified":"2025-01-10T07:24:07","modified_gmt":"2025-01-10T07:24:07","slug":"lajvet-hemligheter-bekannelser","status":"publish","type":"page","link":"https:\/\/regencyexperiences.com\/?page_id=220","title":{"rendered":"Lajvet Hemligheter &amp; bek\u00e4nnelser"},"content":{"rendered":"\n<p>Den 5-6 oktober 2024 arrangerades lajvet Hemligheter &amp; bek\u00e4nnelser p\u00e5 Bryggholmens g\u00e5rd utanf\u00f6r Enk\u00f6ping. <\/p>\n\n\n\n<p>Vi vill rikta ett s\u00e4rskilt tack till alla underbara deltagare f\u00f6r ett fantastiskt lajv! <\/p>\n\n\n\n<figure class=\"wp-block-image size-large\"><img loading=\"lazy\" decoding=\"async\" width=\"1024\" height=\"683\" src=\"https:\/\/regencyexperiences.com\/wp-content\/uploads\/2025\/01\/Hemligheter-och-bekannelser-gruppbild-1024x683.jpg\" alt=\"\" class=\"wp-image-543\" srcset=\"https:\/\/regencyexperiences.com\/wp-content\/uploads\/2025\/01\/Hemligheter-och-bekannelser-gruppbild-1024x683.jpg 1024w, https:\/\/regencyexperiences.com\/wp-content\/uploads\/2025\/01\/Hemligheter-och-bekannelser-gruppbild-300x200.jpg 300w, https:\/\/regencyexperiences.com\/wp-content\/uploads\/2025\/01\/Hemligheter-och-bekannelser-gruppbild-768x512.jpg 768w, https:\/\/regencyexperiences.com\/wp-content\/uploads\/2025\/01\/Hemligheter-och-bekannelser-gruppbild-1536x1024.jpg 1536w, https:\/\/regencyexperiences.com\/wp-content\/uploads\/2025\/01\/Hemligheter-och-bekannelser-gruppbild-600x400.jpg 600w, https:\/\/regencyexperiences.com\/wp-content\/uploads\/2025\/01\/Hemligheter-och-bekannelser-gruppbild.jpg 2048w\" sizes=\"auto, (max-width: 1024px) 100vw, 1024px\" \/><\/figure>\n\n\n\n<figure class=\"wp-block-image size-large\"><img loading=\"lazy\" decoding=\"async\" width=\"1024\" height=\"683\" src=\"https:\/\/regencyexperiences.com\/wp-content\/uploads\/2025\/01\/Hemligheter-och-bekannelser-gruppbild-2-1024x683.jpg\" alt=\"\" class=\"wp-image-544\" srcset=\"https:\/\/regencyexperiences.com\/wp-content\/uploads\/2025\/01\/Hemligheter-och-bekannelser-gruppbild-2-1024x683.jpg 1024w, https:\/\/regencyexperiences.com\/wp-content\/uploads\/2025\/01\/Hemligheter-och-bekannelser-gruppbild-2-300x200.jpg 300w, https:\/\/regencyexperiences.com\/wp-content\/uploads\/2025\/01\/Hemligheter-och-bekannelser-gruppbild-2-768x512.jpg 768w, https:\/\/regencyexperiences.com\/wp-content\/uploads\/2025\/01\/Hemligheter-och-bekannelser-gruppbild-2-1536x1024.jpg 1536w, https:\/\/regencyexperiences.com\/wp-content\/uploads\/2025\/01\/Hemligheter-och-bekannelser-gruppbild-2-600x400.jpg 600w, https:\/\/regencyexperiences.com\/wp-content\/uploads\/2025\/01\/Hemligheter-och-bekannelser-gruppbild-2.jpg 2048w\" sizes=\"auto, (max-width: 1024px) 100vw, 1024px\" \/><\/figure>\n\n\n\n<hr class=\"wp-block-separator has-alpha-channel-opacity\"\/>\n","protected":false},"excerpt":{"rendered":"<p>Den 5-6 oktober 2024 arrangerades lajvet Hemligheter &amp; bek\u00e4nnelser p\u00e5 Bryggholmens g\u00e5rd utanf\u00f6r Enk\u00f6ping. Vi vill rikta ett s\u00e4rskilt tack till alla underbara deltagare f\u00f6r<\/p>\n","protected":false},"author":1,"featured_media":0,"parent":0,"menu_order":0,"comment_status":"closed","ping_status":"closed","template":"","meta":{"footnotes":""},"class_list":["post-220","page","type-page","status-publish","hentry"],"_links":{"self":[{"href":"https:\/\/regencyexperiences.com\/index.php?rest_route=\/wp\/v2\/pages\/220","targetHints":{"allow":["GET"]}}],"collection":[{"href":"https:\/\/regencyexperiences.com\/index.php?rest_route=\/wp\/v2\/pages"}],"about":[{"href":"https:\/\/regencyexperiences.com\/index.php?rest_route=\/wp\/v2\/types\/page"}],"author":[{"embeddable":true,"href":"https:\/\/regencyexperiences.com\/index.php?rest_route=\/wp\/v2\/users\/1"}],"replies":[{"embeddable":true,"href":"https:\/\/regencyexperiences.com\/index.php?rest_route=%2Fwp%2Fv2%2Fcomments&post=220"}],"version-history":[{"count":10,"href":"https:\/\/regencyexperiences.com\/index.php?rest_route=\/wp\/v2\/pages\/220\/revisions"}],"predecessor-version":[{"id":545,"href":"https:\/\/regencyexperiences.com\/index.php?rest_route=\/wp\/v2\/pages\/220\/revisions\/545"}],"wp:attachment":[{"href":"https:\/\/regencyexperiences.com\/index.php?rest_route=%2Fwp%2Fv2%2Fmedia&parent=220"}],"curies":[{"name":"wp","href":"https:\/\/api.w.org\/{rel}","templated":true}]}}