{"id":141,"date":"2022-07-28T09:07:04","date_gmt":"2022-07-28T09:07:04","guid":{"rendered":"https:\/\/regencyexperiences.com\/?page_id=141"},"modified":"2025-01-11T15:53:30","modified_gmt":"2025-01-11T15:53:30","slug":"underklader","status":"publish","type":"page","link":"https:\/\/regencyexperiences.com\/?page_id=141","title":{"rendered":"Underkl\u00e4der"},"content":{"rendered":"\n<p>Samtliga short stays (korsett) kommer med en chemise (underkl\u00e4nning) i samma storlek. <\/p>\n\n\n\n<p>T\u00e4nk p\u00e5 korsettens m\u00e5tt under bysten (B) inte b\u00f6r vara st\u00f6rre \u00e4n ditt kroppsm\u00e5tt (B), f\u00f6r att den ska passa bra. Om den \u00e4r f\u00f6r stor ger den inte r\u00e4tt st\u00f6d eller silluett.  <\/p>\n\n\n\n<figure class=\"wp-block-image size-large\"><img loading=\"lazy\" decoding=\"async\" width=\"1024\" height=\"947\" src=\"https:\/\/regencyexperiences.com\/wp-content\/uploads\/2022\/07\/original_7b8067dd-2b86-442a-b321-60e31a3a407f_01001685-1024x947.jpg\" alt=\"\" class=\"wp-image-199\" srcset=\"https:\/\/regencyexperiences.com\/wp-content\/uploads\/2022\/07\/original_7b8067dd-2b86-442a-b321-60e31a3a407f_01001685-1024x947.jpg 1024w, https:\/\/regencyexperiences.com\/wp-content\/uploads\/2022\/07\/original_7b8067dd-2b86-442a-b321-60e31a3a407f_01001685-300x277.jpg 300w, https:\/\/regencyexperiences.com\/wp-content\/uploads\/2022\/07\/original_7b8067dd-2b86-442a-b321-60e31a3a407f_01001685-768x710.jpg 768w, https:\/\/regencyexperiences.com\/wp-content\/uploads\/2022\/07\/original_7b8067dd-2b86-442a-b321-60e31a3a407f_01001685-1536x1420.jpg 1536w, https:\/\/regencyexperiences.com\/wp-content\/uploads\/2022\/07\/original_7b8067dd-2b86-442a-b321-60e31a3a407f_01001685-2048x1893.jpg 2048w\" sizes=\"auto, (max-width: 1024px) 100vw, 1024px\" \/><\/figure>\n\n\n\n<p>Personen p\u00e5 bilden b\u00e4r short stays &#8220;Medium&#8221; och har kroppsm\u00e5tten A: 98 cm B: 80cm <\/p>\n\n\n\n<hr class=\"wp-block-separator has-css-opacity\"\/>\n\n\n\n<h2 class=\"wp-block-heading\">Small (mindre byst) <\/h2>\n\n\n\n<p>A: Bystvidd minst 84 cm<\/p>\n\n\n\n<p>B: 74 cm under bysten<\/p>\n\n\n\n<hr class=\"wp-block-separator has-css-opacity\"\/>\n\n\n\n<h2 class=\"wp-block-heading\">Medium<\/h2>\n\n\n\n<p>A: Bystvidd minst 89 cm<\/p>\n\n\n\n<p>B: 78 cm under bysten<\/p>\n\n\n\n<hr class=\"wp-block-separator has-css-opacity\"\/>\n\n\n\n<h2 class=\"wp-block-heading\">Medium<\/h2>\n\n\n\n<p>A: Bystvidd minst 91 cm<\/p>\n\n\n\n<p>B: 78 cm under bysten<\/p>\n\n\n\n<h2 class=\"wp-block-heading\">Large<\/h2>\n\n\n\n<p>A: Bystvidd minst 96 cm<\/p>\n\n\n\n<p>B: 84 cm under bysten<\/p>\n\n\n\n<hr class=\"wp-block-separator has-css-opacity\"\/>\n\n\n\n<h2 class=\"wp-block-heading\">X-Large (mindre byst)<\/h2>\n\n\n\n<p>A: Bystvidd minst 98 cm<\/p>\n\n\n\n<p>B: 90 cm under bysten.<\/p>\n\n\n\n<hr class=\"wp-block-separator has-css-opacity\"\/>\n\n\n\n<h2 class=\"wp-block-heading\">XX-Large <\/h2>\n\n\n\n<p>A: Bystvidd minst 106 cm<\/p>\n\n\n\n<p>B: 96 cm under bysten<\/p>\n\n\n\n<hr class=\"wp-block-separator has-css-opacity\"\/>\n\n\n\n<p><\/p>\n","protected":false},"excerpt":{"rendered":"<p>Samtliga short stays (korsett) kommer med en chemise (underkl\u00e4nning) i samma storlek. T\u00e4nk p\u00e5 korsettens m\u00e5tt under bysten (B) inte b\u00f6r vara st\u00f6rre \u00e4n ditt<\/p>\n","protected":false},"author":1,"featured_media":0,"parent":0,"menu_order":0,"comment_status":"closed","ping_status":"closed","template":"","meta":{"footnotes":""},"class_list":["post-141","page","type-page","status-publish","hentry"],"_links":{"self":[{"href":"https:\/\/regencyexperiences.com\/index.php?rest_route=\/wp\/v2\/pages\/141","targetHints":{"allow":["GET"]}}],"collection":[{"href":"https:\/\/regencyexperiences.com\/index.php?rest_route=\/wp\/v2\/pages"}],"about":[{"href":"https:\/\/regencyexperiences.com\/index.php?rest_route=\/wp\/v2\/types\/page"}],"author":[{"embeddable":true,"href":"https:\/\/regencyexperiences.com\/index.php?rest_route=\/wp\/v2\/users\/1"}],"replies":[{"embeddable":true,"href":"https:\/\/regencyexperiences.com\/index.php?rest_route=%2Fwp%2Fv2%2Fcomments&post=141"}],"version-history":[{"count":4,"href":"https:\/\/regencyexperiences.com\/index.php?rest_route=\/wp\/v2\/pages\/141\/revisions"}],"predecessor-version":[{"id":555,"href":"https:\/\/regencyexperiences.com\/index.php?rest_route=\/wp\/v2\/pages\/141\/revisions\/555"}],"wp:attachment":[{"href":"https:\/\/regencyexperiences.com\/index.php?rest_route=%2Fwp%2Fv2%2Fmedia&parent=141"}],"curies":[{"name":"wp","href":"https:\/\/api.w.org\/{rel}","templated":true}]}}