{"id":137,"date":"2022-07-28T09:05:43","date_gmt":"2022-07-28T09:05:43","guid":{"rendered":"https:\/\/regencyexperiences.com\/?page_id=137"},"modified":"2022-07-28T15:48:40","modified_gmt":"2022-07-28T15:48:40","slug":"empirklanningar-xx-large","status":"publish","type":"page","link":"https:\/\/regencyexperiences.com\/?page_id=137","title":{"rendered":"Empirkl\u00e4nningar XX-Large"},"content":{"rendered":"\n<p>F\u00f6r tillh\u00f6rande underkl\u00e4der, se <a rel=\"noreferrer noopener\" href=\"https:\/\/regencyexperiences.com\/?page_id=141\" data-type=\"page\" data-id=\"141\" target=\"_blank\">h\u00e4r<\/a>.<\/p>\n\n\n\n<hr class=\"wp-block-separator\"\/>\n\n\n\n<figure class=\"wp-block-gallery has-nested-images columns-default is-cropped wp-block-gallery-1 is-layout-flex wp-block-gallery-is-layout-flex\">\n<figure class=\"wp-block-image size-large\"><img loading=\"lazy\" decoding=\"async\" width=\"1177\" height=\"2560\" data-id=\"171\" src=\"https:\/\/regencyexperiences.com\/wp-content\/uploads\/2022\/07\/01001644-scaled.jpg\" alt=\"\" class=\"wp-image-171\" srcset=\"https:\/\/regencyexperiences.com\/wp-content\/uploads\/2022\/07\/01001644-scaled.jpg 1177w, https:\/\/regencyexperiences.com\/wp-content\/uploads\/2022\/07\/01001644-138x300.jpg 138w, https:\/\/regencyexperiences.com\/wp-content\/uploads\/2022\/07\/01001644-471x1024.jpg 471w, https:\/\/regencyexperiences.com\/wp-content\/uploads\/2022\/07\/01001644-768x1671.jpg 768w, https:\/\/regencyexperiences.com\/wp-content\/uploads\/2022\/07\/01001644-706x1536.jpg 706w, https:\/\/regencyexperiences.com\/wp-content\/uploads\/2022\/07\/01001644-941x2048.jpg 941w\" sizes=\"auto, (max-width: 1177px) 100vw, 1177px\" \/><\/figure>\n\n\n\n<figure class=\"wp-block-image size-large\"><img loading=\"lazy\" decoding=\"async\" width=\"1316\" height=\"2560\" data-id=\"173\" src=\"https:\/\/regencyexperiences.com\/wp-content\/uploads\/2022\/07\/01001646-scaled.jpg\" alt=\"\" class=\"wp-image-173\" srcset=\"https:\/\/regencyexperiences.com\/wp-content\/uploads\/2022\/07\/01001646-scaled.jpg 1316w, https:\/\/regencyexperiences.com\/wp-content\/uploads\/2022\/07\/01001646-154x300.jpg 154w, https:\/\/regencyexperiences.com\/wp-content\/uploads\/2022\/07\/01001646-526x1024.jpg 526w, https:\/\/regencyexperiences.com\/wp-content\/uploads\/2022\/07\/01001646-768x1494.jpg 768w, https:\/\/regencyexperiences.com\/wp-content\/uploads\/2022\/07\/01001646-789x1536.jpg 789w, https:\/\/regencyexperiences.com\/wp-content\/uploads\/2022\/07\/01001646-1053x2048.jpg 1053w\" sizes=\"auto, (max-width: 1316px) 100vw, 1316px\" \/><\/figure>\n\n\n\n<figure class=\"wp-block-image size-large\"><img loading=\"lazy\" decoding=\"async\" width=\"2560\" height=\"1920\" data-id=\"172\" src=\"https:\/\/regencyexperiences.com\/wp-content\/uploads\/2022\/07\/01001645-scaled.jpg\" alt=\"\" class=\"wp-image-172\" srcset=\"https:\/\/regencyexperiences.com\/wp-content\/uploads\/2022\/07\/01001645-scaled.jpg 2560w, https:\/\/regencyexperiences.com\/wp-content\/uploads\/2022\/07\/01001645-300x225.jpg 300w, https:\/\/regencyexperiences.com\/wp-content\/uploads\/2022\/07\/01001645-1024x768.jpg 1024w, https:\/\/regencyexperiences.com\/wp-content\/uploads\/2022\/07\/01001645-768x576.jpg 768w, https:\/\/regencyexperiences.com\/wp-content\/uploads\/2022\/07\/01001645-1536x1152.jpg 1536w, https:\/\/regencyexperiences.com\/wp-content\/uploads\/2022\/07\/01001645-2048x1536.jpg 2048w\" sizes=\"auto, (max-width: 2560px) 100vw, 2560px\" \/><\/figure>\n<\/figure>\n\n\n\n<h2 class=\"wp-block-heading\">CAROLINE<\/h2>\n\n\n\n<p>Vinr\u00f6d med svarta detaljer.<\/p>\n\n\n\n<p>A: Bystvidd ca 115-120 cm (flexibel)<\/p>\n\n\n\n<p>B: Flexibel under bysten<\/p>\n\n\n\n<p>Kjoll\u00e4ngden kan justeras. <\/p>\n\n\n\n<hr class=\"wp-block-separator\"\/>\n\n\n\n<figure class=\"wp-block-gallery has-nested-images columns-2 is-cropped wp-block-gallery-2 is-layout-flex wp-block-gallery-is-layout-flex\">\n<figure class=\"wp-block-image size-large\"><img loading=\"lazy\" decoding=\"async\" width=\"1276\" height=\"2560\" data-id=\"202\" src=\"https:\/\/regencyexperiences.com\/wp-content\/uploads\/2022\/07\/01001673-scaled.jpg\" alt=\"\" class=\"wp-image-202\" srcset=\"https:\/\/regencyexperiences.com\/wp-content\/uploads\/2022\/07\/01001673-scaled.jpg 1276w, https:\/\/regencyexperiences.com\/wp-content\/uploads\/2022\/07\/01001673-150x300.jpg 150w, https:\/\/regencyexperiences.com\/wp-content\/uploads\/2022\/07\/01001673-511x1024.jpg 511w, https:\/\/regencyexperiences.com\/wp-content\/uploads\/2022\/07\/01001673-768x1540.jpg 768w, https:\/\/regencyexperiences.com\/wp-content\/uploads\/2022\/07\/01001673-766x1536.jpg 766w, https:\/\/regencyexperiences.com\/wp-content\/uploads\/2022\/07\/01001673-1021x2048.jpg 1021w\" sizes=\"auto, (max-width: 1276px) 100vw, 1276px\" \/><\/figure>\n\n\n\n<figure class=\"wp-block-image size-large\"><img loading=\"lazy\" decoding=\"async\" width=\"1315\" height=\"2560\" data-id=\"201\" src=\"https:\/\/regencyexperiences.com\/wp-content\/uploads\/2022\/07\/01001672-scaled.jpg\" alt=\"\" class=\"wp-image-201\" srcset=\"https:\/\/regencyexperiences.com\/wp-content\/uploads\/2022\/07\/01001672-scaled.jpg 1315w, https:\/\/regencyexperiences.com\/wp-content\/uploads\/2022\/07\/01001672-154x300.jpg 154w, https:\/\/regencyexperiences.com\/wp-content\/uploads\/2022\/07\/01001672-526x1024.jpg 526w, https:\/\/regencyexperiences.com\/wp-content\/uploads\/2022\/07\/01001672-768x1495.jpg 768w, https:\/\/regencyexperiences.com\/wp-content\/uploads\/2022\/07\/01001672-789x1536.jpg 789w, https:\/\/regencyexperiences.com\/wp-content\/uploads\/2022\/07\/01001672-1052x2048.jpg 1052w\" sizes=\"auto, (max-width: 1315px) 100vw, 1315px\" \/><\/figure>\n\n\n\n<figure class=\"wp-block-image size-large\"><img loading=\"lazy\" decoding=\"async\" width=\"2560\" height=\"2234\" data-id=\"203\" src=\"https:\/\/regencyexperiences.com\/wp-content\/uploads\/2022\/07\/01001677-scaled.jpg\" alt=\"\" class=\"wp-image-203\" srcset=\"https:\/\/regencyexperiences.com\/wp-content\/uploads\/2022\/07\/01001677-scaled.jpg 2560w, https:\/\/regencyexperiences.com\/wp-content\/uploads\/2022\/07\/01001677-300x262.jpg 300w, https:\/\/regencyexperiences.com\/wp-content\/uploads\/2022\/07\/01001677-1024x894.jpg 1024w, https:\/\/regencyexperiences.com\/wp-content\/uploads\/2022\/07\/01001677-768x670.jpg 768w, https:\/\/regencyexperiences.com\/wp-content\/uploads\/2022\/07\/01001677-1536x1341.jpg 1536w, https:\/\/regencyexperiences.com\/wp-content\/uploads\/2022\/07\/01001677-2048x1787.jpg 2048w\" sizes=\"auto, (max-width: 2560px) 100vw, 2560px\" \/><\/figure>\n<\/figure>\n\n\n\n<h2 class=\"wp-block-heading\">LOUISA<\/h2>\n\n\n\n<p>Lavendel med vita detaljer.<\/p>\n\n\n\n<p>A: Bystvidd ca 120-125 cm (flexibel)<\/p>\n\n\n\n<p>B: Flexibel under bysten<\/p>\n\n\n\n<p>Kjoll\u00e4ngden kan justeras. <\/p>\n","protected":false},"excerpt":{"rendered":"<p>F\u00f6r tillh\u00f6rande underkl\u00e4der, se h\u00e4r. CAROLINE Vinr\u00f6d med svarta detaljer. A: Bystvidd ca 115-120 cm (flexibel) B: Flexibel under bysten Kjoll\u00e4ngden kan justeras. LOUISA Lavendel<\/p>\n","protected":false},"author":1,"featured_media":0,"parent":0,"menu_order":0,"comment_status":"closed","ping_status":"closed","template":"","meta":{"footnotes":""},"class_list":["post-137","page","type-page","status-publish","hentry"],"_links":{"self":[{"href":"https:\/\/regencyexperiences.com\/index.php?rest_route=\/wp\/v2\/pages\/137","targetHints":{"allow":["GET"]}}],"collection":[{"href":"https:\/\/regencyexperiences.com\/index.php?rest_route=\/wp\/v2\/pages"}],"about":[{"href":"https:\/\/regencyexperiences.com\/index.php?rest_route=\/wp\/v2\/types\/page"}],"author":[{"embeddable":true,"href":"https:\/\/regencyexperiences.com\/index.php?rest_route=\/wp\/v2\/users\/1"}],"replies":[{"embeddable":true,"href":"https:\/\/regencyexperiences.com\/index.php?rest_route=%2Fwp%2Fv2%2Fcomments&post=137"}],"version-history":[{"count":5,"href":"https:\/\/regencyexperiences.com\/index.php?rest_route=\/wp\/v2\/pages\/137\/revisions"}],"predecessor-version":[{"id":205,"href":"https:\/\/regencyexperiences.com\/index.php?rest_route=\/wp\/v2\/pages\/137\/revisions\/205"}],"wp:attachment":[{"href":"https:\/\/regencyexperiences.com\/index.php?rest_route=%2Fwp%2Fv2%2Fmedia&parent=137"}],"curies":[{"name":"wp","href":"https:\/\/api.w.org\/{rel}","templated":true}]}}