{"id":136,"date":"2022-07-28T09:05:24","date_gmt":"2022-07-28T09:05:24","guid":{"rendered":"https:\/\/regencyexperiences.com\/?page_id=136"},"modified":"2022-07-28T13:47:47","modified_gmt":"2022-07-28T13:47:47","slug":"empirklanningar-x-large","status":"publish","type":"page","link":"https:\/\/regencyexperiences.com\/?page_id=136","title":{"rendered":"Empirkl\u00e4nningar X-Large"},"content":{"rendered":"\n<p>F\u00f6r tillh\u00f6rande underkl\u00e4der, se <a rel=\"noreferrer noopener\" href=\"https:\/\/regencyexperiences.com\/?page_id=141\" data-type=\"page\" data-id=\"141\" target=\"_blank\">h\u00e4r<\/a>.<\/p>\n\n\n\n<hr class=\"wp-block-separator\"\/>\n\n\n\n<figure class=\"wp-block-gallery has-nested-images columns-default is-cropped wp-block-gallery-1 is-layout-flex wp-block-gallery-is-layout-flex\">\n<figure class=\"wp-block-image size-large\"><img loading=\"lazy\" decoding=\"async\" width=\"1098\" height=\"2560\" data-id=\"122\" src=\"https:\/\/regencyexperiences.com\/wp-content\/uploads\/2022\/07\/original_d8341510-7117-499a-b176-f8fe92640b05_01000784-scaled.jpg\" alt=\"\" class=\"wp-image-122\" srcset=\"https:\/\/regencyexperiences.com\/wp-content\/uploads\/2022\/07\/original_d8341510-7117-499a-b176-f8fe92640b05_01000784-scaled.jpg 1098w, https:\/\/regencyexperiences.com\/wp-content\/uploads\/2022\/07\/original_d8341510-7117-499a-b176-f8fe92640b05_01000784-129x300.jpg 129w, https:\/\/regencyexperiences.com\/wp-content\/uploads\/2022\/07\/original_d8341510-7117-499a-b176-f8fe92640b05_01000784-439x1024.jpg 439w, https:\/\/regencyexperiences.com\/wp-content\/uploads\/2022\/07\/original_d8341510-7117-499a-b176-f8fe92640b05_01000784-768x1790.jpg 768w, https:\/\/regencyexperiences.com\/wp-content\/uploads\/2022\/07\/original_d8341510-7117-499a-b176-f8fe92640b05_01000784-659x1536.jpg 659w, https:\/\/regencyexperiences.com\/wp-content\/uploads\/2022\/07\/original_d8341510-7117-499a-b176-f8fe92640b05_01000784-879x2048.jpg 879w\" sizes=\"auto, (max-width: 1098px) 100vw, 1098px\" \/><\/figure>\n\n\n\n<figure class=\"wp-block-image size-large\"><img loading=\"lazy\" decoding=\"async\" width=\"1207\" height=\"2560\" data-id=\"120\" src=\"https:\/\/regencyexperiences.com\/wp-content\/uploads\/2022\/07\/IMG_0248-scaled.jpg\" alt=\"\" class=\"wp-image-120\" srcset=\"https:\/\/regencyexperiences.com\/wp-content\/uploads\/2022\/07\/IMG_0248-scaled.jpg 1207w, https:\/\/regencyexperiences.com\/wp-content\/uploads\/2022\/07\/IMG_0248-141x300.jpg 141w, https:\/\/regencyexperiences.com\/wp-content\/uploads\/2022\/07\/IMG_0248-483x1024.jpg 483w, https:\/\/regencyexperiences.com\/wp-content\/uploads\/2022\/07\/IMG_0248-768x1629.jpg 768w, https:\/\/regencyexperiences.com\/wp-content\/uploads\/2022\/07\/IMG_0248-724x1536.jpg 724w, https:\/\/regencyexperiences.com\/wp-content\/uploads\/2022\/07\/IMG_0248-966x2048.jpg 966w\" sizes=\"auto, (max-width: 1207px) 100vw, 1207px\" \/><\/figure>\n<\/figure>\n\n\n\n<h2 class=\"wp-block-heading\">ELOISE<\/h2>\n\n\n\n<p>Vit-, bl\u00e5- och rosaranding \u00f6verdel, klarbl\u00e5 kjol. <\/p>\n\n\n\n<p>A: Bystvidd ca 102-112 cm (flexibel)<\/p>\n\n\n\n<p>B: Flexibel under bysten<\/p>\n\n\n\n<p>Kjoll\u00e4ngden kan justeras, max 123 cm. <\/p>\n","protected":false},"excerpt":{"rendered":"<p>F\u00f6r tillh\u00f6rande underkl\u00e4der, se h\u00e4r. ELOISE Vit-, bl\u00e5- och rosaranding \u00f6verdel, klarbl\u00e5 kjol. A: Bystvidd ca 102-112 cm (flexibel) B: Flexibel under bysten Kjoll\u00e4ngden kan<\/p>\n","protected":false},"author":1,"featured_media":0,"parent":0,"menu_order":0,"comment_status":"closed","ping_status":"closed","template":"","meta":{"footnotes":""},"class_list":["post-136","page","type-page","status-publish","hentry"],"_links":{"self":[{"href":"https:\/\/regencyexperiences.com\/index.php?rest_route=\/wp\/v2\/pages\/136","targetHints":{"allow":["GET"]}}],"collection":[{"href":"https:\/\/regencyexperiences.com\/index.php?rest_route=\/wp\/v2\/pages"}],"about":[{"href":"https:\/\/regencyexperiences.com\/index.php?rest_route=\/wp\/v2\/types\/page"}],"author":[{"embeddable":true,"href":"https:\/\/regencyexperiences.com\/index.php?rest_route=\/wp\/v2\/users\/1"}],"replies":[{"embeddable":true,"href":"https:\/\/regencyexperiences.com\/index.php?rest_route=%2Fwp%2Fv2%2Fcomments&post=136"}],"version-history":[{"count":4,"href":"https:\/\/regencyexperiences.com\/index.php?rest_route=\/wp\/v2\/pages\/136\/revisions"}],"predecessor-version":[{"id":191,"href":"https:\/\/regencyexperiences.com\/index.php?rest_route=\/wp\/v2\/pages\/136\/revisions\/191"}],"wp:attachment":[{"href":"https:\/\/regencyexperiences.com\/index.php?rest_route=%2Fwp%2Fv2%2Fmedia&parent=136"}],"curies":[{"name":"wp","href":"https:\/\/api.w.org\/{rel}","templated":true}]}}