{"id":134,"date":"2022-07-28T09:04:45","date_gmt":"2022-07-28T09:04:45","guid":{"rendered":"https:\/\/regencyexperiences.com\/?page_id=134"},"modified":"2025-01-10T09:24:00","modified_gmt":"2025-01-10T09:24:00","slug":"empirklanningar-large","status":"publish","type":"page","link":"https:\/\/regencyexperiences.com\/?page_id=134","title":{"rendered":"Empirkl\u00e4nningar Large"},"content":{"rendered":"\n<p>F\u00f6r tillh\u00f6rande underkl\u00e4der, se <a href=\"https:\/\/regencyexperiences.com\/?page_id=141\" data-type=\"page\" data-id=\"141\" target=\"_blank\" rel=\"noreferrer noopener\">h\u00e4r<\/a>.<\/p>\n\n\n\n<p>F\u00f6r tillf\u00e4llet har vi inga kl\u00e4nningar i storlek Large, men kommer sy upp nya s\u00e5 snart vi f\u00e5r m\u00f6jlighet! M\u00e5nga av v\u00e5ra kl\u00e4nningar \u00e4r v\u00e4ldigt flexibla i storlekarna, s\u00e5 det kan vara s\u00e5 att en storlek <a href=\"https:\/\/regencyexperiences.com\/?page_id=131\" data-type=\"page\" data-id=\"131\">Medium <\/a>eller <a href=\"https:\/\/regencyexperiences.com\/?page_id=136\" data-type=\"page\" data-id=\"136\">XL <\/a>kan passa, \u00e4ven om man har storlek Large. <\/p>\n\n\n\n<hr class=\"wp-block-separator has-css-opacity\"\/>\n","protected":false},"excerpt":{"rendered":"<p>F\u00f6r tillh\u00f6rande underkl\u00e4der, se h\u00e4r. F\u00f6r tillf\u00e4llet har vi inga kl\u00e4nningar i storlek Large, men kommer sy upp nya s\u00e5 snart vi f\u00e5r m\u00f6jlighet! M\u00e5nga<\/p>\n","protected":false},"author":1,"featured_media":0,"parent":0,"menu_order":0,"comment_status":"closed","ping_status":"closed","template":"","meta":{"footnotes":""},"class_list":["post-134","page","type-page","status-publish","hentry"],"_links":{"self":[{"href":"https:\/\/regencyexperiences.com\/index.php?rest_route=\/wp\/v2\/pages\/134","targetHints":{"allow":["GET"]}}],"collection":[{"href":"https:\/\/regencyexperiences.com\/index.php?rest_route=\/wp\/v2\/pages"}],"about":[{"href":"https:\/\/regencyexperiences.com\/index.php?rest_route=\/wp\/v2\/types\/page"}],"author":[{"embeddable":true,"href":"https:\/\/regencyexperiences.com\/index.php?rest_route=\/wp\/v2\/users\/1"}],"replies":[{"embeddable":true,"href":"https:\/\/regencyexperiences.com\/index.php?rest_route=%2Fwp%2Fv2%2Fcomments&post=134"}],"version-history":[{"count":10,"href":"https:\/\/regencyexperiences.com\/index.php?rest_route=\/wp\/v2\/pages\/134\/revisions"}],"predecessor-version":[{"id":552,"href":"https:\/\/regencyexperiences.com\/index.php?rest_route=\/wp\/v2\/pages\/134\/revisions\/552"}],"wp:attachment":[{"href":"https:\/\/regencyexperiences.com\/index.php?rest_route=%2Fwp%2Fv2%2Fmedia&parent=134"}],"curies":[{"name":"wp","href":"https:\/\/api.w.org\/{rel}","templated":true}]}}