{"id":131,"date":"2022-07-28T09:04:14","date_gmt":"2022-07-28T09:04:14","guid":{"rendered":"https:\/\/regencyexperiences.com\/?page_id=131"},"modified":"2022-07-28T13:53:26","modified_gmt":"2022-07-28T13:53:26","slug":"empirklanningar-medium","status":"publish","type":"page","link":"https:\/\/regencyexperiences.com\/?page_id=131","title":{"rendered":"Empirkl\u00e4nningar Medium"},"content":{"rendered":"\n<p>F\u00f6r tillh\u00f6rande underkl\u00e4der, se <a href=\"https:\/\/regencyexperiences.com\/?page_id=141\" data-type=\"page\" data-id=\"141\" target=\"_blank\" rel=\"noreferrer noopener\">h\u00e4r<\/a>.<\/p>\n\n\n\n<hr class=\"wp-block-separator\"\/>\n\n\n\n<figure class=\"wp-block-gallery has-nested-images columns-2 is-cropped wp-block-gallery-1 is-layout-flex wp-block-gallery-is-layout-flex\">\n<figure class=\"wp-block-image size-large\"><img loading=\"lazy\" decoding=\"async\" width=\"1222\" height=\"2560\" data-id=\"98\" src=\"https:\/\/regencyexperiences.com\/wp-content\/uploads\/2022\/07\/01000746-scaled.jpg\" alt=\"\" class=\"wp-image-98\" srcset=\"https:\/\/regencyexperiences.com\/wp-content\/uploads\/2022\/07\/01000746-scaled.jpg 1222w, https:\/\/regencyexperiences.com\/wp-content\/uploads\/2022\/07\/01000746-143x300.jpg 143w, https:\/\/regencyexperiences.com\/wp-content\/uploads\/2022\/07\/01000746-489x1024.jpg 489w, https:\/\/regencyexperiences.com\/wp-content\/uploads\/2022\/07\/01000746-768x1609.jpg 768w, https:\/\/regencyexperiences.com\/wp-content\/uploads\/2022\/07\/01000746-733x1536.jpg 733w, https:\/\/regencyexperiences.com\/wp-content\/uploads\/2022\/07\/01000746-978x2048.jpg 978w\" sizes=\"auto, (max-width: 1222px) 100vw, 1222px\" \/><\/figure>\n\n\n\n<figure class=\"wp-block-image size-large\"><img loading=\"lazy\" decoding=\"async\" width=\"1254\" height=\"2560\" data-id=\"116\" src=\"https:\/\/regencyexperiences.com\/wp-content\/uploads\/2022\/07\/IMG_0213-scaled.jpg\" alt=\"\" class=\"wp-image-116\" srcset=\"https:\/\/regencyexperiences.com\/wp-content\/uploads\/2022\/07\/IMG_0213-scaled.jpg 1254w, https:\/\/regencyexperiences.com\/wp-content\/uploads\/2022\/07\/IMG_0213-147x300.jpg 147w, https:\/\/regencyexperiences.com\/wp-content\/uploads\/2022\/07\/IMG_0213-502x1024.jpg 502w, https:\/\/regencyexperiences.com\/wp-content\/uploads\/2022\/07\/IMG_0213-768x1567.jpg 768w, https:\/\/regencyexperiences.com\/wp-content\/uploads\/2022\/07\/IMG_0213-753x1536.jpg 753w, https:\/\/regencyexperiences.com\/wp-content\/uploads\/2022\/07\/IMG_0213-1003x2048.jpg 1003w\" sizes=\"auto, (max-width: 1254px) 100vw, 1254px\" \/><\/figure>\n\n\n\n<figure class=\"wp-block-image size-large\"><img loading=\"lazy\" decoding=\"async\" width=\"2560\" height=\"2225\" data-id=\"115\" src=\"https:\/\/regencyexperiences.com\/wp-content\/uploads\/2022\/07\/IMG_0208-scaled.jpg\" alt=\"\" class=\"wp-image-115\" srcset=\"https:\/\/regencyexperiences.com\/wp-content\/uploads\/2022\/07\/IMG_0208-scaled.jpg 2560w, https:\/\/regencyexperiences.com\/wp-content\/uploads\/2022\/07\/IMG_0208-300x261.jpg 300w, https:\/\/regencyexperiences.com\/wp-content\/uploads\/2022\/07\/IMG_0208-1024x890.jpg 1024w, https:\/\/regencyexperiences.com\/wp-content\/uploads\/2022\/07\/IMG_0208-768x667.jpg 768w, https:\/\/regencyexperiences.com\/wp-content\/uploads\/2022\/07\/IMG_0208-1536x1335.jpg 1536w, https:\/\/regencyexperiences.com\/wp-content\/uploads\/2022\/07\/IMG_0208-2048x1780.jpg 2048w\" sizes=\"auto, (max-width: 2560px) 100vw, 2560px\" \/><\/figure>\n<\/figure>\n\n\n\n<h2 class=\"wp-block-heading\">EDWINA<\/h2>\n\n\n\n<p>Rosa botten med rosa\/bl\u00e5 blommor.<\/p>\n\n\n\n<p>A: Bystvidd flexibelca 88-96 cm. <\/p>\n\n\n\n<p>B: Flexibel under bysten<\/p>\n\n\n\n<p>Kjoll\u00e4ngden kan justeras. <\/p>\n\n\n\n<hr class=\"wp-block-separator\"\/>\n\n\n\n<figure class=\"wp-block-gallery has-nested-images columns-2 is-cropped wp-block-gallery-2 is-layout-flex wp-block-gallery-is-layout-flex\">\n<figure class=\"wp-block-image size-large\"><img loading=\"lazy\" decoding=\"async\" width=\"1366\" height=\"2560\" data-id=\"88\" src=\"https:\/\/regencyexperiences.com\/wp-content\/uploads\/2022\/07\/01000695-scaled.jpg\" alt=\"\" class=\"wp-image-88\" srcset=\"https:\/\/regencyexperiences.com\/wp-content\/uploads\/2022\/07\/01000695-scaled.jpg 1366w, https:\/\/regencyexperiences.com\/wp-content\/uploads\/2022\/07\/01000695-160x300.jpg 160w, https:\/\/regencyexperiences.com\/wp-content\/uploads\/2022\/07\/01000695-546x1024.jpg 546w, https:\/\/regencyexperiences.com\/wp-content\/uploads\/2022\/07\/01000695-768x1439.jpg 768w, https:\/\/regencyexperiences.com\/wp-content\/uploads\/2022\/07\/01000695-820x1536.jpg 820w, https:\/\/regencyexperiences.com\/wp-content\/uploads\/2022\/07\/01000695-1093x2048.jpg 1093w\" sizes=\"auto, (max-width: 1366px) 100vw, 1366px\" \/><\/figure>\n\n\n\n<figure class=\"wp-block-image size-large\"><img loading=\"lazy\" decoding=\"async\" width=\"1177\" height=\"2560\" data-id=\"89\" src=\"https:\/\/regencyexperiences.com\/wp-content\/uploads\/2022\/07\/01000699-scaled.jpg\" alt=\"\" class=\"wp-image-89\" srcset=\"https:\/\/regencyexperiences.com\/wp-content\/uploads\/2022\/07\/01000699-scaled.jpg 1177w, https:\/\/regencyexperiences.com\/wp-content\/uploads\/2022\/07\/01000699-138x300.jpg 138w, https:\/\/regencyexperiences.com\/wp-content\/uploads\/2022\/07\/01000699-471x1024.jpg 471w, https:\/\/regencyexperiences.com\/wp-content\/uploads\/2022\/07\/01000699-768x1671.jpg 768w, https:\/\/regencyexperiences.com\/wp-content\/uploads\/2022\/07\/01000699-706x1536.jpg 706w, https:\/\/regencyexperiences.com\/wp-content\/uploads\/2022\/07\/01000699-941x2048.jpg 941w\" sizes=\"auto, (max-width: 1177px) 100vw, 1177px\" \/><\/figure>\n\n\n\n<figure class=\"wp-block-image size-large\"><img loading=\"lazy\" decoding=\"async\" width=\"2560\" height=\"2113\" data-id=\"107\" src=\"https:\/\/regencyexperiences.com\/wp-content\/uploads\/2022\/07\/IMG_0157-scaled.jpg\" alt=\"\" class=\"wp-image-107\" srcset=\"https:\/\/regencyexperiences.com\/wp-content\/uploads\/2022\/07\/IMG_0157-scaled.jpg 2560w, https:\/\/regencyexperiences.com\/wp-content\/uploads\/2022\/07\/IMG_0157-300x248.jpg 300w, https:\/\/regencyexperiences.com\/wp-content\/uploads\/2022\/07\/IMG_0157-1024x845.jpg 1024w, https:\/\/regencyexperiences.com\/wp-content\/uploads\/2022\/07\/IMG_0157-768x634.jpg 768w, https:\/\/regencyexperiences.com\/wp-content\/uploads\/2022\/07\/IMG_0157-1536x1268.jpg 1536w, https:\/\/regencyexperiences.com\/wp-content\/uploads\/2022\/07\/IMG_0157-2048x1690.jpg 2048w\" sizes=\"auto, (max-width: 2560px) 100vw, 2560px\" \/><\/figure>\n<\/figure>\n\n\n\n<h2 class=\"wp-block-heading\">MARIANNE<\/h2>\n\n\n\n<p>Ljusrosa botten med rosa blommor.<\/p>\n\n\n\n<p>A: Bystvidd flexibel, ca 88-96 cm. <\/p>\n\n\n\n<p>B: Flexibel under bysten.<\/p>\n\n\n\n<p>Kjoll\u00e4ngden kan justeras, max 121 cm<\/p>\n\n\n\n<hr class=\"wp-block-separator\"\/>\n\n\n\n<figure class=\"wp-block-gallery has-nested-images columns-2 is-cropped wp-block-gallery-3 is-layout-flex wp-block-gallery-is-layout-flex\">\n<figure class=\"wp-block-image size-large\"><img loading=\"lazy\" decoding=\"async\" width=\"1414\" height=\"2560\" data-id=\"104\" src=\"https:\/\/regencyexperiences.com\/wp-content\/uploads\/2022\/07\/IMG_0143-scaled.jpg\" alt=\"\" class=\"wp-image-104\" srcset=\"https:\/\/regencyexperiences.com\/wp-content\/uploads\/2022\/07\/IMG_0143-scaled.jpg 1414w, https:\/\/regencyexperiences.com\/wp-content\/uploads\/2022\/07\/IMG_0143-166x300.jpg 166w, https:\/\/regencyexperiences.com\/wp-content\/uploads\/2022\/07\/IMG_0143-566x1024.jpg 566w, https:\/\/regencyexperiences.com\/wp-content\/uploads\/2022\/07\/IMG_0143-768x1390.jpg 768w, https:\/\/regencyexperiences.com\/wp-content\/uploads\/2022\/07\/IMG_0143-849x1536.jpg 849w, https:\/\/regencyexperiences.com\/wp-content\/uploads\/2022\/07\/IMG_0143-1131x2048.jpg 1131w\" sizes=\"auto, (max-width: 1414px) 100vw, 1414px\" \/><\/figure>\n\n\n\n<figure class=\"wp-block-image size-large\"><img loading=\"lazy\" decoding=\"async\" width=\"1203\" height=\"2560\" data-id=\"106\" src=\"https:\/\/regencyexperiences.com\/wp-content\/uploads\/2022\/07\/IMG_0152-scaled.jpg\" alt=\"\" class=\"wp-image-106\" srcset=\"https:\/\/regencyexperiences.com\/wp-content\/uploads\/2022\/07\/IMG_0152-scaled.jpg 1203w, https:\/\/regencyexperiences.com\/wp-content\/uploads\/2022\/07\/IMG_0152-141x300.jpg 141w, https:\/\/regencyexperiences.com\/wp-content\/uploads\/2022\/07\/IMG_0152-481x1024.jpg 481w, https:\/\/regencyexperiences.com\/wp-content\/uploads\/2022\/07\/IMG_0152-768x1634.jpg 768w, https:\/\/regencyexperiences.com\/wp-content\/uploads\/2022\/07\/IMG_0152-722x1536.jpg 722w, https:\/\/regencyexperiences.com\/wp-content\/uploads\/2022\/07\/IMG_0152-963x2048.jpg 963w\" sizes=\"auto, (max-width: 1203px) 100vw, 1203px\" \/><\/figure>\n\n\n\n<figure class=\"wp-block-image size-large\"><img loading=\"lazy\" decoding=\"async\" width=\"1830\" height=\"2560\" data-id=\"105\" src=\"https:\/\/regencyexperiences.com\/wp-content\/uploads\/2022\/07\/IMG_0147-scaled.jpg\" alt=\"\" class=\"wp-image-105\" srcset=\"https:\/\/regencyexperiences.com\/wp-content\/uploads\/2022\/07\/IMG_0147-scaled.jpg 1830w, https:\/\/regencyexperiences.com\/wp-content\/uploads\/2022\/07\/IMG_0147-214x300.jpg 214w, https:\/\/regencyexperiences.com\/wp-content\/uploads\/2022\/07\/IMG_0147-732x1024.jpg 732w, https:\/\/regencyexperiences.com\/wp-content\/uploads\/2022\/07\/IMG_0147-768x1075.jpg 768w, https:\/\/regencyexperiences.com\/wp-content\/uploads\/2022\/07\/IMG_0147-1098x1536.jpg 1098w, https:\/\/regencyexperiences.com\/wp-content\/uploads\/2022\/07\/IMG_0147-1464x2048.jpg 1464w\" sizes=\"auto, (max-width: 1830px) 100vw, 1830px\" \/><\/figure>\n<\/figure>\n\n\n\n<h2 class=\"wp-block-heading\">FANNY<\/h2>\n\n\n\n<p>Gr\u00f6nrandig med vit spets.<\/p>\n\n\n\n<p>A: Bystvidd ca 96 cm<\/p>\n\n\n\n<p>B: Under bysten ca 82 cm<\/p>\n\n\n\n<p>Kjoll\u00e4ngd 112 cm. <\/p>\n\n\n\n<hr class=\"wp-block-separator\"\/>\n","protected":false},"excerpt":{"rendered":"<p>F\u00f6r tillh\u00f6rande underkl\u00e4der, se h\u00e4r. EDWINA Rosa botten med rosa\/bl\u00e5 blommor. A: Bystvidd flexibelca 88-96 cm. B: Flexibel under bysten Kjoll\u00e4ngden kan justeras. MARIANNE Ljusrosa<\/p>\n","protected":false},"author":1,"featured_media":0,"parent":0,"menu_order":0,"comment_status":"closed","ping_status":"closed","template":"","meta":{"footnotes":""},"class_list":["post-131","page","type-page","status-publish","hentry"],"_links":{"self":[{"href":"https:\/\/regencyexperiences.com\/index.php?rest_route=\/wp\/v2\/pages\/131","targetHints":{"allow":["GET"]}}],"collection":[{"href":"https:\/\/regencyexperiences.com\/index.php?rest_route=\/wp\/v2\/pages"}],"about":[{"href":"https:\/\/regencyexperiences.com\/index.php?rest_route=\/wp\/v2\/types\/page"}],"author":[{"embeddable":true,"href":"https:\/\/regencyexperiences.com\/index.php?rest_route=\/wp\/v2\/users\/1"}],"replies":[{"embeddable":true,"href":"https:\/\/regencyexperiences.com\/index.php?rest_route=%2Fwp%2Fv2%2Fcomments&post=131"}],"version-history":[{"count":5,"href":"https:\/\/regencyexperiences.com\/index.php?rest_route=\/wp\/v2\/pages\/131\/revisions"}],"predecessor-version":[{"id":195,"href":"https:\/\/regencyexperiences.com\/index.php?rest_route=\/wp\/v2\/pages\/131\/revisions\/195"}],"wp:attachment":[{"href":"https:\/\/regencyexperiences.com\/index.php?rest_route=%2Fwp%2Fv2%2Fmedia&parent=131"}],"curies":[{"name":"wp","href":"https:\/\/api.w.org\/{rel}","templated":true}]}}