{"id":13,"date":"2022-05-04T10:50:12","date_gmt":"2022-05-04T10:50:12","guid":{"rendered":"https:\/\/regencyexperiences.com\/?page_id=13"},"modified":"2025-01-10T07:33:13","modified_gmt":"2025-01-10T07:33:13","slug":"varmt-valkommen-onskar-dingwell-thornbloom","status":"publish","type":"page","link":"https:\/\/regencyexperiences.com\/","title":{"rendered":""},"content":{"rendered":"\n<figure class=\"wp-block-image size-large\"><img loading=\"lazy\" decoding=\"async\" width=\"1024\" height=\"576\" src=\"https:\/\/regencyexperiences.com\/wp-content\/uploads\/2024\/05\/hemligheter-och-bekannelser-1024x576.png\" alt=\"\" class=\"wp-image-216\" srcset=\"https:\/\/regencyexperiences.com\/wp-content\/uploads\/2024\/05\/hemligheter-och-bekannelser-1024x576.png 1024w, https:\/\/regencyexperiences.com\/wp-content\/uploads\/2024\/05\/hemligheter-och-bekannelser-300x169.png 300w, https:\/\/regencyexperiences.com\/wp-content\/uploads\/2024\/05\/hemligheter-och-bekannelser-768x432.png 768w, https:\/\/regencyexperiences.com\/wp-content\/uploads\/2024\/05\/hemligheter-och-bekannelser-1536x864.png 1536w, https:\/\/regencyexperiences.com\/wp-content\/uploads\/2024\/05\/hemligheter-och-bekannelser.png 1920w\" sizes=\"auto, (max-width: 1024px) 100vw, 1024px\" \/><\/figure>\n\n\n\n<p>Tack alla deltagare f\u00f6r ett fantastiskt lajv! <\/p>\n\n\n\n<p>F\u00f6r er som inte f\u00e5tt nog av tidseran kan vi rekommendera Empirs\u00e4llskapets Jane Austen-lajv i februari! L\u00e4s mer <a href=\"https:\/\/www.xn--empirsllskapet-bib.se\/index.php\/jane-austens-varld-ett-hyllningslajv\/\">h\u00e4r<\/a>.<\/p>\n\n\n\n<p><strong>Beh\u00f6ver du hyra kl\u00e4der till lajvet?<\/strong> Hyr en empirkl\u00e4nning och historiska underkl\u00e4der (chemise och short stay) f\u00f6r 650 kr. Har du egna underkl\u00e4der kan du hyra endast kl\u00e4nning f\u00f6r 500 kr. Bilder och mer information om v\u00e5r hyrgarderob finns <a href=\"https:\/\/regencyexperiences.com\/?page_id=47\" data-type=\"page\" data-id=\"47\">h\u00e4r<\/a>.<\/p>\n\n\n\n<p>Kontakta oss via e-post f\u00f6r att boka en empirdr\u00e4kt: <a href=\"mailto:info@regencyexperiences.se\">info@regencyexperiences.com<\/a>&nbsp;<\/p>\n","protected":false},"excerpt":{"rendered":"<p>Tack alla deltagare f\u00f6r ett fantastiskt lajv! F\u00f6r er som inte f\u00e5tt nog av tidseran kan vi rekommendera Empirs\u00e4llskapets Jane Austen-lajv i februari! L\u00e4s mer<\/p>\n","protected":false},"author":1,"featured_media":0,"parent":0,"menu_order":0,"comment_status":"closed","ping_status":"closed","template":"","meta":{"footnotes":""},"class_list":["post-13","page","type-page","status-publish","hentry"],"_links":{"self":[{"href":"https:\/\/regencyexperiences.com\/index.php?rest_route=\/wp\/v2\/pages\/13","targetHints":{"allow":["GET"]}}],"collection":[{"href":"https:\/\/regencyexperiences.com\/index.php?rest_route=\/wp\/v2\/pages"}],"about":[{"href":"https:\/\/regencyexperiences.com\/index.php?rest_route=\/wp\/v2\/types\/page"}],"author":[{"embeddable":true,"href":"https:\/\/regencyexperiences.com\/index.php?rest_route=\/wp\/v2\/users\/1"}],"replies":[{"embeddable":true,"href":"https:\/\/regencyexperiences.com\/index.php?rest_route=%2Fwp%2Fv2%2Fcomments&post=13"}],"version-history":[{"count":28,"href":"https:\/\/regencyexperiences.com\/index.php?rest_route=\/wp\/v2\/pages\/13\/revisions"}],"predecessor-version":[{"id":547,"href":"https:\/\/regencyexperiences.com\/index.php?rest_route=\/wp\/v2\/pages\/13\/revisions\/547"}],"wp:attachment":[{"href":"https:\/\/regencyexperiences.com\/index.php?rest_route=%2Fwp%2Fv2%2Fmedia&parent=13"}],"curies":[{"name":"wp","href":"https:\/\/api.w.org\/{rel}","templated":true}]}}