{"id":128,"date":"2022-07-28T09:03:14","date_gmt":"2022-07-28T09:03:14","guid":{"rendered":"https:\/\/regencyexperiences.com\/?page_id=128"},"modified":"2022-07-28T13:51:33","modified_gmt":"2022-07-28T13:51:33","slug":"empirklanningar-small","status":"publish","type":"page","link":"https:\/\/regencyexperiences.com\/?page_id=128","title":{"rendered":"Empirkl\u00e4nningar Small"},"content":{"rendered":"\n<p>Vi kan f\u00f6r tillf\u00e4llet inte erbjuda underkl\u00e4der i storlek Small, men kl\u00e4nningarna kan b\u00e4ras med moderna underkl\u00e4der. <\/p>\n\n\n\n<hr class=\"wp-block-separator\"\/>\n\n\n\n<figure class=\"wp-block-gallery has-nested-images columns-2 is-cropped wp-block-gallery-1 is-layout-flex wp-block-gallery-is-layout-flex\">\n<figure class=\"wp-block-image size-large\"><img loading=\"lazy\" decoding=\"async\" width=\"1309\" height=\"2560\" data-id=\"100\" src=\"https:\/\/regencyexperiences.com\/wp-content\/uploads\/2022\/07\/01000772-1-scaled.jpg\" alt=\"\" class=\"wp-image-100\" srcset=\"https:\/\/regencyexperiences.com\/wp-content\/uploads\/2022\/07\/01000772-1-scaled.jpg 1309w, https:\/\/regencyexperiences.com\/wp-content\/uploads\/2022\/07\/01000772-1-153x300.jpg 153w, https:\/\/regencyexperiences.com\/wp-content\/uploads\/2022\/07\/01000772-1-524x1024.jpg 524w, https:\/\/regencyexperiences.com\/wp-content\/uploads\/2022\/07\/01000772-1-768x1502.jpg 768w, https:\/\/regencyexperiences.com\/wp-content\/uploads\/2022\/07\/01000772-1-786x1536.jpg 786w\" sizes=\"auto, (max-width: 1309px) 100vw, 1309px\" \/><\/figure>\n\n\n\n<figure class=\"wp-block-image size-large\"><img loading=\"lazy\" decoding=\"async\" width=\"1190\" height=\"2560\" data-id=\"102\" src=\"https:\/\/regencyexperiences.com\/wp-content\/uploads\/2022\/07\/01000776-scaled.jpg\" alt=\"\" class=\"wp-image-102\" srcset=\"https:\/\/regencyexperiences.com\/wp-content\/uploads\/2022\/07\/01000776-scaled.jpg 1190w, https:\/\/regencyexperiences.com\/wp-content\/uploads\/2022\/07\/01000776-139x300.jpg 139w, https:\/\/regencyexperiences.com\/wp-content\/uploads\/2022\/07\/01000776-476x1024.jpg 476w, https:\/\/regencyexperiences.com\/wp-content\/uploads\/2022\/07\/01000776-768x1653.jpg 768w, https:\/\/regencyexperiences.com\/wp-content\/uploads\/2022\/07\/01000776-714x1536.jpg 714w, https:\/\/regencyexperiences.com\/wp-content\/uploads\/2022\/07\/01000776-952x2048.jpg 952w\" sizes=\"auto, (max-width: 1190px) 100vw, 1190px\" \/><\/figure>\n\n\n\n<figure class=\"wp-block-image size-large\"><img loading=\"lazy\" decoding=\"async\" width=\"2560\" height=\"2347\" data-id=\"101\" src=\"https:\/\/regencyexperiences.com\/wp-content\/uploads\/2022\/07\/01000775-scaled.jpg\" alt=\"\" class=\"wp-image-101\" srcset=\"https:\/\/regencyexperiences.com\/wp-content\/uploads\/2022\/07\/01000775-scaled.jpg 2560w, https:\/\/regencyexperiences.com\/wp-content\/uploads\/2022\/07\/01000775-300x275.jpg 300w, https:\/\/regencyexperiences.com\/wp-content\/uploads\/2022\/07\/01000775-1024x939.jpg 1024w, https:\/\/regencyexperiences.com\/wp-content\/uploads\/2022\/07\/01000775-768x704.jpg 768w, https:\/\/regencyexperiences.com\/wp-content\/uploads\/2022\/07\/01000775-1536x1408.jpg 1536w, https:\/\/regencyexperiences.com\/wp-content\/uploads\/2022\/07\/01000775-2048x1878.jpg 2048w\" sizes=\"auto, (max-width: 2560px) 100vw, 2560px\" \/><\/figure>\n<\/figure>\n\n\n\n<h2 class=\"wp-block-heading\">JANE<\/h2>\n\n\n\n<p>Vit botten med bl\u00e5a och gr\u00f6na blommor<\/p>\n\n\n\n<p>A: Bystvidd ca 89 cm&nbsp;<\/p>\n\n\n\n<p>B: Under bysten ca 81 cm<\/p>\n\n\n\n<p>Kjoll\u00e4ngd 105 cm.<\/p>\n\n\n\n<hr class=\"wp-block-separator\"\/>\n\n\n\n<figure class=\"wp-block-gallery has-nested-images columns-2 is-cropped wp-block-gallery-2 is-layout-flex wp-block-gallery-is-layout-flex\">\n<figure class=\"wp-block-image size-large\"><img loading=\"lazy\" decoding=\"async\" width=\"1300\" height=\"2560\" data-id=\"117\" src=\"https:\/\/regencyexperiences.com\/wp-content\/uploads\/2022\/07\/IMG_0223-scaled.jpg\" alt=\"\" class=\"wp-image-117\" srcset=\"https:\/\/regencyexperiences.com\/wp-content\/uploads\/2022\/07\/IMG_0223-scaled.jpg 1300w, https:\/\/regencyexperiences.com\/wp-content\/uploads\/2022\/07\/IMG_0223-152x300.jpg 152w, https:\/\/regencyexperiences.com\/wp-content\/uploads\/2022\/07\/IMG_0223-520x1024.jpg 520w, https:\/\/regencyexperiences.com\/wp-content\/uploads\/2022\/07\/IMG_0223-768x1513.jpg 768w, https:\/\/regencyexperiences.com\/wp-content\/uploads\/2022\/07\/IMG_0223-780x1536.jpg 780w, https:\/\/regencyexperiences.com\/wp-content\/uploads\/2022\/07\/IMG_0223-1040x2048.jpg 1040w\" sizes=\"auto, (max-width: 1300px) 100vw, 1300px\" \/><\/figure>\n\n\n\n<figure class=\"wp-block-image size-large\"><img loading=\"lazy\" decoding=\"async\" width=\"1174\" height=\"2560\" data-id=\"119\" src=\"https:\/\/regencyexperiences.com\/wp-content\/uploads\/2022\/07\/IMG_0226-scaled.jpg\" alt=\"\" class=\"wp-image-119\" srcset=\"https:\/\/regencyexperiences.com\/wp-content\/uploads\/2022\/07\/IMG_0226-scaled.jpg 1174w, https:\/\/regencyexperiences.com\/wp-content\/uploads\/2022\/07\/IMG_0226-138x300.jpg 138w, https:\/\/regencyexperiences.com\/wp-content\/uploads\/2022\/07\/IMG_0226-469x1024.jpg 469w, https:\/\/regencyexperiences.com\/wp-content\/uploads\/2022\/07\/IMG_0226-768x1675.jpg 768w, https:\/\/regencyexperiences.com\/wp-content\/uploads\/2022\/07\/IMG_0226-704x1536.jpg 704w, https:\/\/regencyexperiences.com\/wp-content\/uploads\/2022\/07\/IMG_0226-939x2048.jpg 939w\" sizes=\"auto, (max-width: 1174px) 100vw, 1174px\" \/><\/figure>\n\n\n\n<figure class=\"wp-block-image size-large\"><img loading=\"lazy\" decoding=\"async\" width=\"2560\" height=\"1920\" data-id=\"118\" src=\"https:\/\/regencyexperiences.com\/wp-content\/uploads\/2022\/07\/IMG_0225-scaled.jpg\" alt=\"\" class=\"wp-image-118\" srcset=\"https:\/\/regencyexperiences.com\/wp-content\/uploads\/2022\/07\/IMG_0225-scaled.jpg 2560w, https:\/\/regencyexperiences.com\/wp-content\/uploads\/2022\/07\/IMG_0225-300x225.jpg 300w, https:\/\/regencyexperiences.com\/wp-content\/uploads\/2022\/07\/IMG_0225-1024x768.jpg 1024w, https:\/\/regencyexperiences.com\/wp-content\/uploads\/2022\/07\/IMG_0225-768x576.jpg 768w, https:\/\/regencyexperiences.com\/wp-content\/uploads\/2022\/07\/IMG_0225-1536x1152.jpg 1536w, https:\/\/regencyexperiences.com\/wp-content\/uploads\/2022\/07\/IMG_0225-2048x1536.jpg 2048w\" sizes=\"auto, (max-width: 2560px) 100vw, 2560px\" \/><\/figure>\n<\/figure>\n\n\n\n<h2 class=\"wp-block-heading\">CATHERINE<\/h2>\n\n\n\n<p>Ljusbl\u00e5 botten med bl\u00e5 blommor.<\/p>\n\n\n\n<p>A: Bystvidd flexibel, ca 80-88 cm&nbsp;<\/p>\n\n\n\n<p>B: Mycket flexibel under bysten<\/p>\n\n\n\n<p>Kjoll\u00e4ngden kan justeras. <\/p>\n\n\n\n<hr class=\"wp-block-separator\"\/>\n\n\n\n<figure class=\"wp-block-gallery has-nested-images columns-2 is-cropped wp-block-gallery-3 is-layout-flex wp-block-gallery-is-layout-flex\">\n<figure class=\"wp-block-image size-large\"><img loading=\"lazy\" decoding=\"async\" width=\"1198\" height=\"2560\" data-id=\"108\" src=\"https:\/\/regencyexperiences.com\/wp-content\/uploads\/2022\/07\/IMG_0168-scaled.jpg\" alt=\"\" class=\"wp-image-108\" srcset=\"https:\/\/regencyexperiences.com\/wp-content\/uploads\/2022\/07\/IMG_0168-scaled.jpg 1198w, https:\/\/regencyexperiences.com\/wp-content\/uploads\/2022\/07\/IMG_0168-140x300.jpg 140w, https:\/\/regencyexperiences.com\/wp-content\/uploads\/2022\/07\/IMG_0168-479x1024.jpg 479w, https:\/\/regencyexperiences.com\/wp-content\/uploads\/2022\/07\/IMG_0168-768x1641.jpg 768w, https:\/\/regencyexperiences.com\/wp-content\/uploads\/2022\/07\/IMG_0168-719x1536.jpg 719w, https:\/\/regencyexperiences.com\/wp-content\/uploads\/2022\/07\/IMG_0168-958x2048.jpg 958w\" sizes=\"auto, (max-width: 1198px) 100vw, 1198px\" \/><\/figure>\n\n\n\n<figure class=\"wp-block-image size-large\"><img loading=\"lazy\" decoding=\"async\" width=\"1113\" height=\"2560\" data-id=\"93\" src=\"https:\/\/regencyexperiences.com\/wp-content\/uploads\/2022\/07\/01000714-scaled.jpg\" alt=\"\" class=\"wp-image-93\" srcset=\"https:\/\/regencyexperiences.com\/wp-content\/uploads\/2022\/07\/01000714-scaled.jpg 1113w, https:\/\/regencyexperiences.com\/wp-content\/uploads\/2022\/07\/01000714-130x300.jpg 130w, https:\/\/regencyexperiences.com\/wp-content\/uploads\/2022\/07\/01000714-445x1024.jpg 445w, https:\/\/regencyexperiences.com\/wp-content\/uploads\/2022\/07\/01000714-768x1766.jpg 768w, https:\/\/regencyexperiences.com\/wp-content\/uploads\/2022\/07\/01000714-668x1536.jpg 668w, https:\/\/regencyexperiences.com\/wp-content\/uploads\/2022\/07\/01000714-890x2048.jpg 890w\" sizes=\"auto, (max-width: 1113px) 100vw, 1113px\" \/><\/figure>\n\n\n\n<figure class=\"wp-block-image size-large\"><img loading=\"lazy\" decoding=\"async\" width=\"2560\" height=\"2211\" data-id=\"92\" src=\"https:\/\/regencyexperiences.com\/wp-content\/uploads\/2022\/07\/01000712-scaled.jpg\" alt=\"\" class=\"wp-image-92\" srcset=\"https:\/\/regencyexperiences.com\/wp-content\/uploads\/2022\/07\/01000712-scaled.jpg 2560w, https:\/\/regencyexperiences.com\/wp-content\/uploads\/2022\/07\/01000712-300x259.jpg 300w, https:\/\/regencyexperiences.com\/wp-content\/uploads\/2022\/07\/01000712-1024x884.jpg 1024w, https:\/\/regencyexperiences.com\/wp-content\/uploads\/2022\/07\/01000712-768x663.jpg 768w, https:\/\/regencyexperiences.com\/wp-content\/uploads\/2022\/07\/01000712-1536x1327.jpg 1536w, https:\/\/regencyexperiences.com\/wp-content\/uploads\/2022\/07\/01000712-2048x1769.jpg 2048w\" sizes=\"auto, (max-width: 2560px) 100vw, 2560px\" \/><\/figure>\n<\/figure>\n\n\n\n<h2 class=\"wp-block-heading\">SOPHIE<\/h2>\n\n\n\n<p>Gr\u00f6n med svarta detaljer.<\/p>\n\n\n\n<p>A: Bystvidd ca 88 cm<\/p>\n\n\n\n<p>B: Under bysten ca 74 cm<\/p>\n\n\n\n<p>Kjoll\u00e4ngd 118 cm<\/p>\n\n\n\n<hr class=\"wp-block-separator\"\/>\n\n\n\n<figure class=\"wp-block-gallery has-nested-images columns-2 is-cropped wp-block-gallery-4 is-layout-flex wp-block-gallery-is-layout-flex\">\n<figure class=\"wp-block-image size-large\"><img loading=\"lazy\" decoding=\"async\" width=\"1273\" height=\"2560\" data-id=\"103\" src=\"https:\/\/regencyexperiences.com\/wp-content\/uploads\/2022\/07\/01000721-scaled.jpg\" alt=\"\" class=\"wp-image-103\" srcset=\"https:\/\/regencyexperiences.com\/wp-content\/uploads\/2022\/07\/01000721-scaled.jpg 1273w, https:\/\/regencyexperiences.com\/wp-content\/uploads\/2022\/07\/01000721-149x300.jpg 149w, https:\/\/regencyexperiences.com\/wp-content\/uploads\/2022\/07\/01000721-509x1024.jpg 509w, https:\/\/regencyexperiences.com\/wp-content\/uploads\/2022\/07\/01000721-768x1544.jpg 768w, https:\/\/regencyexperiences.com\/wp-content\/uploads\/2022\/07\/01000721-764x1536.jpg 764w, https:\/\/regencyexperiences.com\/wp-content\/uploads\/2022\/07\/01000721-1018x2048.jpg 1018w\" sizes=\"auto, (max-width: 1273px) 100vw, 1273px\" \/><\/figure>\n\n\n\n<figure class=\"wp-block-image size-large\"><img loading=\"lazy\" decoding=\"async\" width=\"1254\" height=\"2560\" data-id=\"112\" src=\"https:\/\/regencyexperiences.com\/wp-content\/uploads\/2022\/07\/IMG_0188-scaled.jpg\" alt=\"\" class=\"wp-image-112\" srcset=\"https:\/\/regencyexperiences.com\/wp-content\/uploads\/2022\/07\/IMG_0188-scaled.jpg 1254w, https:\/\/regencyexperiences.com\/wp-content\/uploads\/2022\/07\/IMG_0188-147x300.jpg 147w, https:\/\/regencyexperiences.com\/wp-content\/uploads\/2022\/07\/IMG_0188-502x1024.jpg 502w, https:\/\/regencyexperiences.com\/wp-content\/uploads\/2022\/07\/IMG_0188-768x1567.jpg 768w, https:\/\/regencyexperiences.com\/wp-content\/uploads\/2022\/07\/IMG_0188-753x1536.jpg 753w, https:\/\/regencyexperiences.com\/wp-content\/uploads\/2022\/07\/IMG_0188-1003x2048.jpg 1003w\" sizes=\"auto, (max-width: 1254px) 100vw, 1254px\" \/><\/figure>\n\n\n\n<figure class=\"wp-block-image size-large\"><img loading=\"lazy\" decoding=\"async\" width=\"2560\" height=\"2031\" data-id=\"110\" src=\"https:\/\/regencyexperiences.com\/wp-content\/uploads\/2022\/07\/IMG_0183-scaled.jpg\" alt=\"\" class=\"wp-image-110\" srcset=\"https:\/\/regencyexperiences.com\/wp-content\/uploads\/2022\/07\/IMG_0183-scaled.jpg 2560w, https:\/\/regencyexperiences.com\/wp-content\/uploads\/2022\/07\/IMG_0183-300x238.jpg 300w, https:\/\/regencyexperiences.com\/wp-content\/uploads\/2022\/07\/IMG_0183-1024x813.jpg 1024w, https:\/\/regencyexperiences.com\/wp-content\/uploads\/2022\/07\/IMG_0183-768x609.jpg 768w, https:\/\/regencyexperiences.com\/wp-content\/uploads\/2022\/07\/IMG_0183-1536x1219.jpg 1536w, https:\/\/regencyexperiences.com\/wp-content\/uploads\/2022\/07\/IMG_0183-2048x1625.jpg 2048w\" sizes=\"auto, (max-width: 2560px) 100vw, 2560px\" \/><\/figure>\n<\/figure>\n\n\n\n<h2 class=\"wp-block-heading\">GEORGIANA<\/h2>\n\n\n\n<p>Gul\/guld botten med vit spets. Mycket struktur i tyget. <\/p>\n\n\n\n<p>A: Bystvidd ca 85 cm<\/p>\n\n\n\n<p>B: Under byst ca 75 cm<\/p>\n\n\n\n<p>Kjoll\u00e4ngd 120 cm<\/p>\n\n\n\n<hr class=\"wp-block-separator\"\/>\n\n\n\n<p><\/p>\n","protected":false},"excerpt":{"rendered":"<p>Vi kan f\u00f6r tillf\u00e4llet inte erbjuda underkl\u00e4der i storlek Small, men kl\u00e4nningarna kan b\u00e4ras med moderna underkl\u00e4der. JANE Vit botten med bl\u00e5a och gr\u00f6na blommor<\/p>\n","protected":false},"author":1,"featured_media":0,"parent":0,"menu_order":0,"comment_status":"closed","ping_status":"closed","template":"","meta":{"footnotes":""},"class_list":["post-128","page","type-page","status-publish","hentry"],"_links":{"self":[{"href":"https:\/\/regencyexperiences.com\/index.php?rest_route=\/wp\/v2\/pages\/128","targetHints":{"allow":["GET"]}}],"collection":[{"href":"https:\/\/regencyexperiences.com\/index.php?rest_route=\/wp\/v2\/pages"}],"about":[{"href":"https:\/\/regencyexperiences.com\/index.php?rest_route=\/wp\/v2\/types\/page"}],"author":[{"embeddable":true,"href":"https:\/\/regencyexperiences.com\/index.php?rest_route=\/wp\/v2\/users\/1"}],"replies":[{"embeddable":true,"href":"https:\/\/regencyexperiences.com\/index.php?rest_route=%2Fwp%2Fv2%2Fcomments&post=128"}],"version-history":[{"count":5,"href":"https:\/\/regencyexperiences.com\/index.php?rest_route=\/wp\/v2\/pages\/128\/revisions"}],"predecessor-version":[{"id":193,"href":"https:\/\/regencyexperiences.com\/index.php?rest_route=\/wp\/v2\/pages\/128\/revisions\/193"}],"wp:attachment":[{"href":"https:\/\/regencyexperiences.com\/index.php?rest_route=%2Fwp%2Fv2%2Fmedia&parent=128"}],"curies":[{"name":"wp","href":"https:\/\/api.w.org\/{rel}","templated":true}]}}